{"id":2,"date":"2019-10-03T10:06:34","date_gmt":"2019-10-03T10:06:34","guid":{"rendered":"http:\/\/plantilla-estudiant-es.folio.uoc.edu\/?page_id=2"},"modified":"2023-04-11T09:29:39","modified_gmt":"2023-04-11T07:29:39","slug":"sample-page","status":"publish","type":"page","link":"https:\/\/plaranar.folio.uoc.edu\/?page_id=2","title":{"rendered":"\u00bfQui\u00e9n soy?"},"content":{"rendered":"<div class=\"uoc_portafolis_tools row_uoc_portafolis_tools\">    <div class=\"column-uoc_portafolis_tools\">        <div class=\"subtitle_portafolis_uoc_access_in_content\"><span class=\"subtitle_portafolis_uoc_access_title\"> <img src=\"https:\/\/plaranar.folio.uoc.edu\/wp-content\/plugins\/portafolis-uoc-access\/img\/visibility.png\" title=\"Visibilidad:\"><\/span> <!--img src=\"https:\/\/plaranar.folio.uoc.edu\/wp-content\/plugins\/portafolis-uoc-access\/img\/world.png\" title=\"Todo el mundo podr\u00e1 ver esta entrada, forme parte o no de la UOC.\"--> P\u00fablica        <\/div>    <\/div><div class=\"uoc_portafolis_clear\"><\/div><\/div><div style=\"display: none;\">\u00a0<\/div>\r\n\r\n<p>\u00a1Hola!<\/p>\r\n<p>Soy X y esta <strong>p\u00e1gina <\/strong>se ha generado autom\u00e1ticamente. Esta p\u00e1gina es <strong>p\u00fablica\u00a0<\/strong>y la puede ver todo el mundo. Es interesante que haya contenidos p\u00fablicos en tu espacio Folio, como esta p\u00e1gina de presentaci\u00f3n. Asi, si alguien lo visita, pero no es miembro de la comunidad UOC podr\u00e1 ver la informaci\u00f3n que quieras compartir.<\/p>\r\n<p>Las p\u00e1ginas, a diferencia de las entradas, suelen tener contenidos m\u00e1s est\u00e1ticos, como una presentaci\u00f3n, una p\u00e1gina de contacto, etc.<\/p>\r\n<p>As\u00ed pues, puedes aprovechar esta p\u00e1gina para presentarte al mundo! Tambi\u00e9n le puedes cambiar la visibilidad para que s\u00f3lo sea visible para miembros del campus (<a href=\"https:\/\/folio.uoc.edu\/publicar-dentro-y-fuera-del-espacio-uoc\/\">lee sobre los permisos aqu\u00ed<\/a>).<\/p>\r\n<p><img loading=\"lazy\" decoding=\"async\" class=\"alignright wp-image-14 size-full\" src=\"https:\/\/media.folio.uoc.edu\/wp-content\/uploads\/sites\/521\/2019\/09\/intangible.png\" alt=\"\" width=\"614\" height=\"699\" \/><\/p>\r\n<p>&nbsp;<\/p>\r\n<div class=\"uoc_portafolis_tools row_uoc_portafolis_tools uoc_portafolis_tools_foot\"><\/div>","protected":false},"excerpt":{"rendered":"<div class=\"uoc_portafolis_tools row_uoc_portafolis_tools\">\n<div class=\"column-uoc_portafolis_tools\">\n<div class=\"subtitle_portafolis_uoc_access_in_content\"><span class=\"subtitle_portafolis_uoc_access_title\"> <\/span>  P\u00fablica        <\/div>\n<\/p><\/div>\n<div class=\"uoc_portafolis_clear\"><\/div>\n<\/div>\n<div style=\"display: none;\">\u00a0<\/div>\n<p>\u00a1Hola!<br \/>\nSoy X y esta p\u00e1gina se ha generado autom\u00e1ticamente. Esta p\u00e1gina es p\u00fablica\u00a0y la puede ver todo el mundo. Es interesante que haya contenidos p\u00fablicos en tu espacio Folio, como esta p\u00e1gina de presentaci\u00f3n. Asi, si alguien lo visita, pero no es miembro de la comunidad UOC podr\u00e1 ver la informaci\u00f3n que quieras compartir.<br \/>\nLas p\u00e1ginas, a diferencia de las entradas,  <a href=\"https:\/\/plaranar.folio.uoc.edu\/?page_id=2\">&nbsp;&raquo;&nbsp;Leer m\u00e1s sobre: \u00bfQui\u00e9n soy? &nbsp;&raquo;<\/a><\/p>\n","protected":false},"author":52,"featured_media":138,"parent":0,"menu_order":0,"comment_status":"closed","ping_status":"closed","template":"","meta":{"inline_featured_image":false,"footnotes":""},"class_list":["post-2","page","type-page","status-publish","has-post-thumbnail","hentry"],"_links":{"self":[{"href":"https:\/\/plaranar.folio.uoc.edu\/index.php?rest_route=\/wp\/v2\/pages\/2","targetHints":{"allow":["GET"]}}],"collection":[{"href":"https:\/\/plaranar.folio.uoc.edu\/index.php?rest_route=\/wp\/v2\/pages"}],"about":[{"href":"https:\/\/plaranar.folio.uoc.edu\/index.php?rest_route=\/wp\/v2\/types\/page"}],"author":[{"embeddable":true,"href":"https:\/\/plaranar.folio.uoc.edu\/index.php?rest_route=\/wp\/v2\/users\/52"}],"replies":[{"embeddable":true,"href":"https:\/\/plaranar.folio.uoc.edu\/index.php?rest_route=%2Fwp%2Fv2%2Fcomments&post=2"}],"version-history":[{"count":0,"href":"https:\/\/plaranar.folio.uoc.edu\/index.php?rest_route=\/wp\/v2\/pages\/2\/revisions"}],"wp:featuredmedia":[{"embeddable":true,"href":"https:\/\/plaranar.folio.uoc.edu\/index.php?rest_route=\/wp\/v2\/media\/138"}],"wp:attachment":[{"href":"https:\/\/plaranar.folio.uoc.edu\/index.php?rest_route=%2Fwp%2Fv2%2Fmedia&parent=2"}],"curies":[{"name":"wp","href":"https:\/\/api.w.org\/{rel}","templated":true}]}}